{"id":1011,"date":"2023-11-20T09:37:24","date_gmt":"2023-11-20T09:37:24","guid":{"rendered":"https:\/\/we-care-hotels.local\/reunions-banquets\/"},"modified":"2024-09-10T12:54:26","modified_gmt":"2024-09-10T12:54:26","slug":"zalen","status":"publish","type":"page","link":"https:\/\/casteauresort.be\/nl\/zalen\/","title":{"rendered":"Zalen"},"content":{"rendered":"","protected":false},"excerpt":{"rendered":"","protected":false},"author":1,"featured_media":0,"parent":0,"menu_order":0,"comment_status":"closed","ping_status":"closed","template":"page-banquets.php","meta":{"_acf_changed":false,"footnotes":""},"class_list":["post-1011","page","type-page","status-publish","hentry"],"acf":[],"yoast_head":"<!-- This site is optimized with the Yoast SEO plugin v24.7 - https:\/\/yoast.com\/wordpress\/plugins\/seo\/ -->\n<title>Zalen - WeCareHotels - Casteau<\/title>\n<meta name=\"description\" content=\"R\u00e9servez une salle de r\u00e9union adapt\u00e9e \u00e0 vos besoins. Notre h\u00f4tel Casteau \u00e0 Mons dispose de 3 salles de r\u00e9union.\" \/>\n<meta name=\"robots\" content=\"index, follow, max-snippet:-1, max-image-preview:large, max-video-preview:-1\" \/>\n<link rel=\"canonical\" href=\"https:\/\/casteauresort.be\/nl\/zalen\/\" \/>\n<meta property=\"og:locale\" content=\"nl_NL\" \/>\n<meta property=\"og:type\" content=\"article\" \/>\n<meta property=\"og:title\" content=\"Zalen - WeCareHotels - Casteau\" \/>\n<meta property=\"og:description\" content=\"R\u00e9servez une salle de r\u00e9union adapt\u00e9e \u00e0 vos besoins. Notre h\u00f4tel Casteau \u00e0 Mons dispose de 3 salles de r\u00e9union.\" \/>\n<meta property=\"og:url\" content=\"https:\/\/casteauresort.be\/nl\/zalen\/\" \/>\n<meta property=\"og:site_name\" content=\"WeCareHotels - Casteau\" \/>\n<meta property=\"article:modified_time\" content=\"2024-09-10T12:54:26+00:00\" \/>\n<meta name=\"twitter:card\" content=\"summary_large_image\" \/>\n<script type=\"application\/ld+json\" class=\"yoast-schema-graph\">{\"@context\":\"https:\/\/schema.org\",\"@graph\":[{\"@type\":\"WebPage\",\"@id\":\"https:\/\/casteauresort.be\/nl\/zalen\/\",\"url\":\"https:\/\/casteauresort.be\/nl\/zalen\/\",\"name\":\"Zalen - WeCareHotels - Casteau\",\"isPartOf\":{\"@id\":\"https:\/\/casteauresort.be\/nl\/#website\"},\"datePublished\":\"2023-11-20T09:37:24+00:00\",\"dateModified\":\"2024-09-10T12:54:26+00:00\",\"description\":\"R\u00e9servez une salle de r\u00e9union adapt\u00e9e \u00e0 vos besoins. Notre h\u00f4tel Casteau \u00e0 Mons dispose de 3 salles de r\u00e9union.\",\"breadcrumb\":{\"@id\":\"https:\/\/casteauresort.be\/nl\/zalen\/#breadcrumb\"},\"inLanguage\":\"nl-NL\",\"potentialAction\":[{\"@type\":\"ReadAction\",\"target\":[\"https:\/\/casteauresort.be\/nl\/zalen\/\"]}]},{\"@type\":\"BreadcrumbList\",\"@id\":\"https:\/\/casteauresort.be\/nl\/zalen\/#breadcrumb\",\"itemListElement\":[{\"@type\":\"ListItem\",\"position\":1,\"name\":\"Home\",\"item\":\"https:\/\/casteauresort.be\/nl\/\"},{\"@type\":\"ListItem\",\"position\":2,\"name\":\"Zalen\"}]},{\"@type\":\"WebSite\",\"@id\":\"https:\/\/casteauresort.be\/nl\/#website\",\"url\":\"https:\/\/casteauresort.be\/nl\/\",\"name\":\"WeCareHotels - Casteau\",\"description\":\"Hotel - Restaurant proche du SHAPE et de Pari Daiza\",\"potentialAction\":[{\"@type\":\"SearchAction\",\"target\":{\"@type\":\"EntryPoint\",\"urlTemplate\":\"https:\/\/casteauresort.be\/nl\/?s={search_term_string}\"},\"query-input\":{\"@type\":\"PropertyValueSpecification\",\"valueRequired\":true,\"valueName\":\"search_term_string\"}}],\"inLanguage\":\"nl-NL\"}]}<\/script>\n<!-- \/ Yoast SEO plugin. -->","yoast_head_json":{"title":"Zalen - WeCareHotels - Casteau","description":"R\u00e9servez une salle de r\u00e9union adapt\u00e9e \u00e0 vos besoins. Notre h\u00f4tel Casteau \u00e0 Mons dispose de 3 salles de r\u00e9union.","robots":{"index":"index","follow":"follow","max-snippet":"max-snippet:-1","max-image-preview":"max-image-preview:large","max-video-preview":"max-video-preview:-1"},"canonical":"https:\/\/casteauresort.be\/nl\/zalen\/","og_locale":"nl_NL","og_type":"article","og_title":"Zalen - WeCareHotels - Casteau","og_description":"R\u00e9servez une salle de r\u00e9union adapt\u00e9e \u00e0 vos besoins. Notre h\u00f4tel Casteau \u00e0 Mons dispose de 3 salles de r\u00e9union.","og_url":"https:\/\/casteauresort.be\/nl\/zalen\/","og_site_name":"WeCareHotels - Casteau","article_modified_time":"2024-09-10T12:54:26+00:00","twitter_card":"summary_large_image","schema":{"@context":"https:\/\/schema.org","@graph":[{"@type":"WebPage","@id":"https:\/\/casteauresort.be\/nl\/zalen\/","url":"https:\/\/casteauresort.be\/nl\/zalen\/","name":"Zalen - WeCareHotels - Casteau","isPartOf":{"@id":"https:\/\/casteauresort.be\/nl\/#website"},"datePublished":"2023-11-20T09:37:24+00:00","dateModified":"2024-09-10T12:54:26+00:00","description":"R\u00e9servez une salle de r\u00e9union adapt\u00e9e \u00e0 vos besoins. Notre h\u00f4tel Casteau \u00e0 Mons dispose de 3 salles de r\u00e9union.","breadcrumb":{"@id":"https:\/\/casteauresort.be\/nl\/zalen\/#breadcrumb"},"inLanguage":"nl-NL","potentialAction":[{"@type":"ReadAction","target":["https:\/\/casteauresort.be\/nl\/zalen\/"]}]},{"@type":"BreadcrumbList","@id":"https:\/\/casteauresort.be\/nl\/zalen\/#breadcrumb","itemListElement":[{"@type":"ListItem","position":1,"name":"Home","item":"https:\/\/casteauresort.be\/nl\/"},{"@type":"ListItem","position":2,"name":"Zalen"}]},{"@type":"WebSite","@id":"https:\/\/casteauresort.be\/nl\/#website","url":"https:\/\/casteauresort.be\/nl\/","name":"WeCareHotels - Casteau","description":"Hotel - Restaurant proche du SHAPE et de Pari Daiza","potentialAction":[{"@type":"SearchAction","target":{"@type":"EntryPoint","urlTemplate":"https:\/\/casteauresort.be\/nl\/?s={search_term_string}"},"query-input":{"@type":"PropertyValueSpecification","valueRequired":true,"valueName":"search_term_string"}}],"inLanguage":"nl-NL"}]}},"_links":{"self":[{"href":"https:\/\/casteauresort.be\/nl\/wp-json\/wp\/v2\/pages\/1011","targetHints":{"allow":["GET"]}}],"collection":[{"href":"https:\/\/casteauresort.be\/nl\/wp-json\/wp\/v2\/pages"}],"about":[{"href":"https:\/\/casteauresort.be\/nl\/wp-json\/wp\/v2\/types\/page"}],"author":[{"embeddable":true,"href":"https:\/\/casteauresort.be\/nl\/wp-json\/wp\/v2\/users\/1"}],"replies":[{"embeddable":true,"href":"https:\/\/casteauresort.be\/nl\/wp-json\/wp\/v2\/comments?post=1011"}],"version-history":[{"count":27,"href":"https:\/\/casteauresort.be\/nl\/wp-json\/wp\/v2\/pages\/1011\/revisions"}],"predecessor-version":[{"id":2593,"href":"https:\/\/casteauresort.be\/nl\/wp-json\/wp\/v2\/pages\/1011\/revisions\/2593"}],"wp:attachment":[{"href":"https:\/\/casteauresort.be\/nl\/wp-json\/wp\/v2\/media?parent=1011"}],"curies":[{"name":"wp","href":"https:\/\/api.w.org\/{rel}","templated":true}]}}