{"id":1009,"date":"2023-11-18T21:13:40","date_gmt":"2023-11-18T21:13:40","guid":{"rendered":"https:\/\/we-care-hotels.local\/restaurant\/"},"modified":"2024-08-28T13:55:38","modified_gmt":"2024-08-28T13:55:38","slug":"restaurant","status":"publish","type":"page","link":"https:\/\/casteauresort.be\/nl\/restaurant\/","title":{"rendered":"Restaurant"},"content":{"rendered":"","protected":false},"excerpt":{"rendered":"","protected":false},"author":1,"featured_media":0,"parent":0,"menu_order":0,"comment_status":"closed","ping_status":"closed","template":"page-restaurant.php","meta":{"_acf_changed":false,"footnotes":""},"class_list":["post-1009","page","type-page","status-publish","hentry"],"acf":[],"yoast_head":"<!-- This site is optimized with the Yoast SEO plugin v24.7 - https:\/\/yoast.com\/wordpress\/plugins\/seo\/ -->\n<title>Restaurant - WeCareHotels - Casteau<\/title>\n<meta name=\"description\" content=\"S\u00e9journez dans notre h\u00f4tel-restaurant Casteau \u00e0 Mons et savourez chaque instant. D\u00e9couvrir notre restaurant ici.\" \/>\n<meta name=\"robots\" content=\"index, follow, max-snippet:-1, max-image-preview:large, max-video-preview:-1\" \/>\n<link rel=\"canonical\" href=\"https:\/\/casteauresort.be\/nl\/restaurant\/\" \/>\n<meta property=\"og:locale\" content=\"nl_NL\" \/>\n<meta property=\"og:type\" content=\"article\" \/>\n<meta property=\"og:title\" content=\"Restaurant - WeCareHotels - Casteau\" \/>\n<meta property=\"og:description\" content=\"S\u00e9journez dans notre h\u00f4tel-restaurant Casteau \u00e0 Mons et savourez chaque instant. D\u00e9couvrir notre restaurant ici.\" \/>\n<meta property=\"og:url\" content=\"https:\/\/casteauresort.be\/nl\/restaurant\/\" \/>\n<meta property=\"og:site_name\" content=\"WeCareHotels - Casteau\" \/>\n<meta property=\"article:modified_time\" content=\"2024-08-28T13:55:38+00:00\" \/>\n<meta name=\"twitter:card\" content=\"summary_large_image\" \/>\n<script type=\"application\/ld+json\" class=\"yoast-schema-graph\">{\"@context\":\"https:\/\/schema.org\",\"@graph\":[{\"@type\":\"WebPage\",\"@id\":\"https:\/\/casteauresort.be\/nl\/restaurant\/\",\"url\":\"https:\/\/casteauresort.be\/nl\/restaurant\/\",\"name\":\"Restaurant - WeCareHotels - Casteau\",\"isPartOf\":{\"@id\":\"https:\/\/casteauresort.be\/nl\/#website\"},\"datePublished\":\"2023-11-18T21:13:40+00:00\",\"dateModified\":\"2024-08-28T13:55:38+00:00\",\"description\":\"S\u00e9journez dans notre h\u00f4tel-restaurant Casteau \u00e0 Mons et savourez chaque instant. D\u00e9couvrir notre restaurant ici.\",\"breadcrumb\":{\"@id\":\"https:\/\/casteauresort.be\/nl\/restaurant\/#breadcrumb\"},\"inLanguage\":\"nl-NL\",\"potentialAction\":[{\"@type\":\"ReadAction\",\"target\":[\"https:\/\/casteauresort.be\/nl\/restaurant\/\"]}]},{\"@type\":\"BreadcrumbList\",\"@id\":\"https:\/\/casteauresort.be\/nl\/restaurant\/#breadcrumb\",\"itemListElement\":[{\"@type\":\"ListItem\",\"position\":1,\"name\":\"Home\",\"item\":\"https:\/\/casteauresort.be\/nl\/\"},{\"@type\":\"ListItem\",\"position\":2,\"name\":\"Restaurant\"}]},{\"@type\":\"WebSite\",\"@id\":\"https:\/\/casteauresort.be\/nl\/#website\",\"url\":\"https:\/\/casteauresort.be\/nl\/\",\"name\":\"WeCareHotels - Casteau\",\"description\":\"Hotel - Restaurant proche du SHAPE et de Pari Daiza\",\"potentialAction\":[{\"@type\":\"SearchAction\",\"target\":{\"@type\":\"EntryPoint\",\"urlTemplate\":\"https:\/\/casteauresort.be\/nl\/?s={search_term_string}\"},\"query-input\":{\"@type\":\"PropertyValueSpecification\",\"valueRequired\":true,\"valueName\":\"search_term_string\"}}],\"inLanguage\":\"nl-NL\"}]}<\/script>\n<!-- \/ Yoast SEO plugin. -->","yoast_head_json":{"title":"Restaurant - WeCareHotels - Casteau","description":"S\u00e9journez dans notre h\u00f4tel-restaurant Casteau \u00e0 Mons et savourez chaque instant. D\u00e9couvrir notre restaurant ici.","robots":{"index":"index","follow":"follow","max-snippet":"max-snippet:-1","max-image-preview":"max-image-preview:large","max-video-preview":"max-video-preview:-1"},"canonical":"https:\/\/casteauresort.be\/nl\/restaurant\/","og_locale":"nl_NL","og_type":"article","og_title":"Restaurant - WeCareHotels - Casteau","og_description":"S\u00e9journez dans notre h\u00f4tel-restaurant Casteau \u00e0 Mons et savourez chaque instant. D\u00e9couvrir notre restaurant ici.","og_url":"https:\/\/casteauresort.be\/nl\/restaurant\/","og_site_name":"WeCareHotels - Casteau","article_modified_time":"2024-08-28T13:55:38+00:00","twitter_card":"summary_large_image","schema":{"@context":"https:\/\/schema.org","@graph":[{"@type":"WebPage","@id":"https:\/\/casteauresort.be\/nl\/restaurant\/","url":"https:\/\/casteauresort.be\/nl\/restaurant\/","name":"Restaurant - WeCareHotels - Casteau","isPartOf":{"@id":"https:\/\/casteauresort.be\/nl\/#website"},"datePublished":"2023-11-18T21:13:40+00:00","dateModified":"2024-08-28T13:55:38+00:00","description":"S\u00e9journez dans notre h\u00f4tel-restaurant Casteau \u00e0 Mons et savourez chaque instant. D\u00e9couvrir notre restaurant ici.","breadcrumb":{"@id":"https:\/\/casteauresort.be\/nl\/restaurant\/#breadcrumb"},"inLanguage":"nl-NL","potentialAction":[{"@type":"ReadAction","target":["https:\/\/casteauresort.be\/nl\/restaurant\/"]}]},{"@type":"BreadcrumbList","@id":"https:\/\/casteauresort.be\/nl\/restaurant\/#breadcrumb","itemListElement":[{"@type":"ListItem","position":1,"name":"Home","item":"https:\/\/casteauresort.be\/nl\/"},{"@type":"ListItem","position":2,"name":"Restaurant"}]},{"@type":"WebSite","@id":"https:\/\/casteauresort.be\/nl\/#website","url":"https:\/\/casteauresort.be\/nl\/","name":"WeCareHotels - Casteau","description":"Hotel - Restaurant proche du SHAPE et de Pari Daiza","potentialAction":[{"@type":"SearchAction","target":{"@type":"EntryPoint","urlTemplate":"https:\/\/casteauresort.be\/nl\/?s={search_term_string}"},"query-input":{"@type":"PropertyValueSpecification","valueRequired":true,"valueName":"search_term_string"}}],"inLanguage":"nl-NL"}]}},"_links":{"self":[{"href":"https:\/\/casteauresort.be\/nl\/wp-json\/wp\/v2\/pages\/1009","targetHints":{"allow":["GET"]}}],"collection":[{"href":"https:\/\/casteauresort.be\/nl\/wp-json\/wp\/v2\/pages"}],"about":[{"href":"https:\/\/casteauresort.be\/nl\/wp-json\/wp\/v2\/types\/page"}],"author":[{"embeddable":true,"href":"https:\/\/casteauresort.be\/nl\/wp-json\/wp\/v2\/users\/1"}],"replies":[{"embeddable":true,"href":"https:\/\/casteauresort.be\/nl\/wp-json\/wp\/v2\/comments?post=1009"}],"version-history":[{"count":22,"href":"https:\/\/casteauresort.be\/nl\/wp-json\/wp\/v2\/pages\/1009\/revisions"}],"predecessor-version":[{"id":2651,"href":"https:\/\/casteauresort.be\/nl\/wp-json\/wp\/v2\/pages\/1009\/revisions\/2651"}],"wp:attachment":[{"href":"https:\/\/casteauresort.be\/nl\/wp-json\/wp\/v2\/media?parent=1009"}],"curies":[{"name":"wp","href":"https:\/\/api.w.org\/{rel}","templated":true}]}}