{"id":1002,"date":"2023-11-17T14:22:55","date_gmt":"2023-11-17T14:22:55","guid":{"rendered":"https:\/\/we-care-hotels.local\/chambres\/"},"modified":"2024-09-10T12:56:19","modified_gmt":"2024-09-10T12:56:19","slug":"rooms","status":"publish","type":"page","link":"https:\/\/casteauresort.be\/en\/rooms\/","title":{"rendered":"Rooms"},"content":{"rendered":"","protected":false},"excerpt":{"rendered":"","protected":false},"author":1,"featured_media":0,"parent":0,"menu_order":0,"comment_status":"closed","ping_status":"closed","template":"page-chambres.php","meta":{"_acf_changed":false,"footnotes":""},"class_list":["post-1002","page","type-page","status-publish","hentry"],"acf":[],"yoast_head":"<!-- This site is optimized with the Yoast SEO plugin v24.7 - https:\/\/yoast.com\/wordpress\/plugins\/seo\/ -->\n<title>Rooms - WeCareHotels - Casteau<\/title>\n<meta name=\"description\" content=\"R\u00e9servez votre chambre id\u00e9ale dans notre h\u00f4tel pour un s\u00e9jour parfait. D\u00e9couvrez notre buffet petit-d\u00e9jeuner\" \/>\n<meta name=\"robots\" content=\"index, follow, max-snippet:-1, max-image-preview:large, max-video-preview:-1\" \/>\n<link rel=\"canonical\" href=\"https:\/\/casteauresort.be\/en\/rooms\/\" \/>\n<meta property=\"og:locale\" content=\"en_US\" \/>\n<meta property=\"og:type\" content=\"article\" \/>\n<meta property=\"og:title\" content=\"Rooms - WeCareHotels - Casteau\" \/>\n<meta property=\"og:description\" content=\"R\u00e9servez votre chambre id\u00e9ale dans notre h\u00f4tel pour un s\u00e9jour parfait. D\u00e9couvrez notre buffet petit-d\u00e9jeuner\" \/>\n<meta property=\"og:url\" content=\"https:\/\/casteauresort.be\/en\/rooms\/\" \/>\n<meta property=\"og:site_name\" content=\"WeCareHotels - Casteau\" \/>\n<meta property=\"article:modified_time\" content=\"2024-09-10T12:56:19+00:00\" \/>\n<meta name=\"twitter:card\" content=\"summary_large_image\" \/>\n<script type=\"application\/ld+json\" class=\"yoast-schema-graph\">{\"@context\":\"https:\/\/schema.org\",\"@graph\":[{\"@type\":\"WebPage\",\"@id\":\"https:\/\/casteauresort.be\/en\/rooms\/\",\"url\":\"https:\/\/casteauresort.be\/en\/rooms\/\",\"name\":\"Rooms - WeCareHotels - Casteau\",\"isPartOf\":{\"@id\":\"https:\/\/casteauresort.be\/en\/#website\"},\"datePublished\":\"2023-11-17T14:22:55+00:00\",\"dateModified\":\"2024-09-10T12:56:19+00:00\",\"description\":\"R\u00e9servez votre chambre id\u00e9ale dans notre h\u00f4tel pour un s\u00e9jour parfait. D\u00e9couvrez notre buffet petit-d\u00e9jeuner\",\"breadcrumb\":{\"@id\":\"https:\/\/casteauresort.be\/en\/rooms\/#breadcrumb\"},\"inLanguage\":\"en-US\",\"potentialAction\":[{\"@type\":\"ReadAction\",\"target\":[\"https:\/\/casteauresort.be\/en\/rooms\/\"]}]},{\"@type\":\"BreadcrumbList\",\"@id\":\"https:\/\/casteauresort.be\/en\/rooms\/#breadcrumb\",\"itemListElement\":[{\"@type\":\"ListItem\",\"position\":1,\"name\":\"Home\",\"item\":\"https:\/\/casteauresort.be\/en\/\"},{\"@type\":\"ListItem\",\"position\":2,\"name\":\"Rooms\"}]},{\"@type\":\"WebSite\",\"@id\":\"https:\/\/casteauresort.be\/en\/#website\",\"url\":\"https:\/\/casteauresort.be\/en\/\",\"name\":\"WeCareHotels - Casteau\",\"description\":\"Hotel - Restaurant proche du SHAPE et de Pari Daiza\",\"potentialAction\":[{\"@type\":\"SearchAction\",\"target\":{\"@type\":\"EntryPoint\",\"urlTemplate\":\"https:\/\/casteauresort.be\/en\/?s={search_term_string}\"},\"query-input\":{\"@type\":\"PropertyValueSpecification\",\"valueRequired\":true,\"valueName\":\"search_term_string\"}}],\"inLanguage\":\"en-US\"}]}<\/script>\n<!-- \/ Yoast SEO plugin. -->","yoast_head_json":{"title":"Rooms - WeCareHotels - Casteau","description":"R\u00e9servez votre chambre id\u00e9ale dans notre h\u00f4tel pour un s\u00e9jour parfait. D\u00e9couvrez notre buffet petit-d\u00e9jeuner","robots":{"index":"index","follow":"follow","max-snippet":"max-snippet:-1","max-image-preview":"max-image-preview:large","max-video-preview":"max-video-preview:-1"},"canonical":"https:\/\/casteauresort.be\/en\/rooms\/","og_locale":"en_US","og_type":"article","og_title":"Rooms - WeCareHotels - Casteau","og_description":"R\u00e9servez votre chambre id\u00e9ale dans notre h\u00f4tel pour un s\u00e9jour parfait. D\u00e9couvrez notre buffet petit-d\u00e9jeuner","og_url":"https:\/\/casteauresort.be\/en\/rooms\/","og_site_name":"WeCareHotels - Casteau","article_modified_time":"2024-09-10T12:56:19+00:00","twitter_card":"summary_large_image","schema":{"@context":"https:\/\/schema.org","@graph":[{"@type":"WebPage","@id":"https:\/\/casteauresort.be\/en\/rooms\/","url":"https:\/\/casteauresort.be\/en\/rooms\/","name":"Rooms - WeCareHotels - Casteau","isPartOf":{"@id":"https:\/\/casteauresort.be\/en\/#website"},"datePublished":"2023-11-17T14:22:55+00:00","dateModified":"2024-09-10T12:56:19+00:00","description":"R\u00e9servez votre chambre id\u00e9ale dans notre h\u00f4tel pour un s\u00e9jour parfait. D\u00e9couvrez notre buffet petit-d\u00e9jeuner","breadcrumb":{"@id":"https:\/\/casteauresort.be\/en\/rooms\/#breadcrumb"},"inLanguage":"en-US","potentialAction":[{"@type":"ReadAction","target":["https:\/\/casteauresort.be\/en\/rooms\/"]}]},{"@type":"BreadcrumbList","@id":"https:\/\/casteauresort.be\/en\/rooms\/#breadcrumb","itemListElement":[{"@type":"ListItem","position":1,"name":"Home","item":"https:\/\/casteauresort.be\/en\/"},{"@type":"ListItem","position":2,"name":"Rooms"}]},{"@type":"WebSite","@id":"https:\/\/casteauresort.be\/en\/#website","url":"https:\/\/casteauresort.be\/en\/","name":"WeCareHotels - Casteau","description":"Hotel - Restaurant proche du SHAPE et de Pari Daiza","potentialAction":[{"@type":"SearchAction","target":{"@type":"EntryPoint","urlTemplate":"https:\/\/casteauresort.be\/en\/?s={search_term_string}"},"query-input":{"@type":"PropertyValueSpecification","valueRequired":true,"valueName":"search_term_string"}}],"inLanguage":"en-US"}]}},"_links":{"self":[{"href":"https:\/\/casteauresort.be\/en\/wp-json\/wp\/v2\/pages\/1002","targetHints":{"allow":["GET"]}}],"collection":[{"href":"https:\/\/casteauresort.be\/en\/wp-json\/wp\/v2\/pages"}],"about":[{"href":"https:\/\/casteauresort.be\/en\/wp-json\/wp\/v2\/types\/page"}],"author":[{"embeddable":true,"href":"https:\/\/casteauresort.be\/en\/wp-json\/wp\/v2\/users\/1"}],"replies":[{"embeddable":true,"href":"https:\/\/casteauresort.be\/en\/wp-json\/wp\/v2\/comments?post=1002"}],"version-history":[{"count":20,"href":"https:\/\/casteauresort.be\/en\/wp-json\/wp\/v2\/pages\/1002\/revisions"}],"predecessor-version":[{"id":2735,"href":"https:\/\/casteauresort.be\/en\/wp-json\/wp\/v2\/pages\/1002\/revisions\/2735"}],"wp:attachment":[{"href":"https:\/\/casteauresort.be\/en\/wp-json\/wp\/v2\/media?parent=1002"}],"curies":[{"name":"wp","href":"https:\/\/api.w.org\/{rel}","templated":true}]}}